{"id":3,"date":"2023-03-08T20:50:44","date_gmt":"2023-03-08T20:50:44","guid":{"rendered":"http:\/\/france-reprises.fr\/?page_id=3"},"modified":"2023-03-14T10:16:50","modified_gmt":"2023-03-14T10:16:50","slug":"privacy-policy","status":"publish","type":"page","link":"https:\/\/france-reprises.fr\/?page_id=3","title":{"rendered":"Mentions L\u00e9gales"},"content":{"rendered":"\t\t<div data-elementor-type=\"wp-page\" data-elementor-id=\"3\" class=\"elementor elementor-3\">\n\t\t\t\t\t\t\t\t\t<section class=\"elementor-section elementor-top-section elementor-element elementor-element-649fc847 elementor-section-boxed elementor-section-height-default elementor-section-height-default\" data-id=\"649fc847\" data-element_type=\"section\">\n\t\t\t\t\t\t<div class=\"elementor-container elementor-column-gap-default\">\n\t\t\t\t\t<div class=\"elementor-column elementor-col-100 elementor-top-column elementor-element elementor-element-40c7812b\" data-id=\"40c7812b\" data-element_type=\"column\">\n\t\t\t<div class=\"elementor-widget-wrap elementor-element-populated\">\n\t\t\t\t\t\t\t\t<div class=\"elementor-element elementor-element-187ee33e elementor-widget elementor-widget-text-editor\" data-id=\"187ee33e\" data-element_type=\"widget\" data-widget_type=\"text-editor.default\">\n\t\t\t\t<div class=\"elementor-widget-container\">\n\t\t\t<style>\/*! elementor - v3.11.3 - 07-03-2023 *\/\n.elementor-widget-text-editor.elementor-drop-cap-view-stacked .elementor-drop-cap{background-color:#818a91;color:#fff}.elementor-widget-text-editor.elementor-drop-cap-view-framed .elementor-drop-cap{color:#818a91;border:3px solid;background-color:transparent}.elementor-widget-text-editor:not(.elementor-drop-cap-view-default) .elementor-drop-cap{margin-top:8px}.elementor-widget-text-editor:not(.elementor-drop-cap-view-default) .elementor-drop-cap-letter{width:1em;height:1em}.elementor-widget-text-editor .elementor-drop-cap{float:left;text-align:center;line-height:1;font-size:50px}.elementor-widget-text-editor .elementor-drop-cap-letter{display:inline-block}<\/style>\t\t\t\t<h1>Mentions l\u00e9gales<\/h1>\n<p>Le site\u00a0<strong>www.france-reprises.fr<\/strong> est \u00e9dit\u00e9 et h\u00e9berg\u00e9 par la soci\u00e9t\u00e9 Evocar Concept.<\/p>\n<p>La soci\u00e9t\u00e9 France-Reprises est enregistr\u00e9 sous le\u00a0 num\u00e9ro de siret 809 080 336 00047 situ\u00e9 au 105 rue Pr\u00e9 Pagnon, 73000 Chamb\u00e9ry en France<\/p>\n<p>T\u00e9l\u00e9phone : 06 30 46 40 66<\/p>\n<p>E-mail : francereprises@gmail.com<\/p>\n<p>Directeur de la publication : Barroso Mario<\/p>\t\t\t\t\t\t<\/div>\n\t\t\t\t<\/div>\n\t\t\t\t\t<\/div>\n\t\t<\/div>\n\t\t\t\t\t\t\t<\/div>\n\t\t<\/section>\n\t\t\t\t\t\t\t<\/div>\n\t\t","protected":false},"excerpt":{"rendered":"<p>Mentions l\u00e9gales Le site&nbsp;www.france-reprises.fr est \u00e9dit\u00e9 et h\u00e9berg\u00e9 par la soci\u00e9t\u00e9 Evocar Concept. La soci\u00e9t\u00e9 France-Reprises est enregistr\u00e9 sous le&nbsp; num\u00e9ro de siret 809 080 336 00047 situ\u00e9 au 105 rue Pr\u00e9 Pagnon, 73000 Chamb\u00e9ry en France T\u00e9l\u00e9phone : 06 30 46 40 66 E-mail : francereprises@gmail.com Directeur de la publication : Barroso Mario<\/p>\n","protected":false},"author":1,"featured_media":0,"parent":0,"menu_order":0,"comment_status":"closed","ping_status":"open","template":"","meta":{"om_disable_all_campaigns":false,"_mi_skip_tracking":false,"site-sidebar-layout":"default","site-content-layout":"default","ast-global-header-display":"","ast-main-header-display":"","ast-hfb-above-header-display":"","ast-hfb-below-header-display":"","ast-hfb-mobile-header-display":"","site-post-title":"","ast-breadcrumbs-content":"","ast-featured-img":"","footer-sml-layout":"","theme-transparent-header-meta":"","adv-header-id-meta":"","stick-header-meta":"","header-above-stick-meta":"","header-main-stick-meta":"","header-below-stick-meta":""},"aioseo_notices":[],"_links":{"self":[{"href":"https:\/\/france-reprises.fr\/index.php?rest_route=\/wp\/v2\/pages\/3"}],"collection":[{"href":"https:\/\/france-reprises.fr\/index.php?rest_route=\/wp\/v2\/pages"}],"about":[{"href":"https:\/\/france-reprises.fr\/index.php?rest_route=\/wp\/v2\/types\/page"}],"author":[{"embeddable":true,"href":"https:\/\/france-reprises.fr\/index.php?rest_route=\/wp\/v2\/users\/1"}],"replies":[{"embeddable":true,"href":"https:\/\/france-reprises.fr\/index.php?rest_route=%2Fwp%2Fv2%2Fcomments&post=3"}],"version-history":[{"count":6,"href":"https:\/\/france-reprises.fr\/index.php?rest_route=\/wp\/v2\/pages\/3\/revisions"}],"predecessor-version":[{"id":2960,"href":"https:\/\/france-reprises.fr\/index.php?rest_route=\/wp\/v2\/pages\/3\/revisions\/2960"}],"wp:attachment":[{"href":"https:\/\/france-reprises.fr\/index.php?rest_route=%2Fwp%2Fv2%2Fmedia&parent=3"}],"curies":[{"name":"wp","href":"https:\/\/api.w.org\/{rel}","templated":true}]}}